{"id":1314,"date":"2023-12-05T14:06:34","date_gmt":"2023-12-05T13:06:34","guid":{"rendered":"https:\/\/creips.online\/?page_id=1314"},"modified":"2023-12-05T15:41:32","modified_gmt":"2023-12-05T14:41:32","slug":"servicoss","status":"publish","type":"page","link":"https:\/\/creips.online\/?page_id=1314","title":{"rendered":"Servicios"},"content":{"rendered":"\n<div class=\"wp-block-stackable-columns stk-block-columns stk-block stk-4888977\" data-block-id=\"4888977\"><div class=\"stk-row stk-inner-blocks stk-block-content stk-content-align stk-4888977-column\">\n<div class=\"wp-block-stackable-column stk-block-column stk-column stk-block stk-3c66395\" data-v=\"4\" data-block-id=\"3c66395\"><div class=\"stk-column-wrapper stk-block-column__content stk-container stk-3c66395-container stk--no-background stk--no-padding\"><div class=\"stk-block-content stk-inner-blocks stk-3c66395-inner-blocks\">\n<div class=\"wp-block-stackable-card stk-block-card stk-block stk-cd49a41 is-style-default\" data-v=\"2\" data-block-id=\"cd49a41\"><style>.stk-cd49a41{border-top-left-radius:20px !important;border-top-right-radius:20px !important;border-bottom-right-radius:20px !important;border-bottom-left-radius:20px !important;overflow:hidden !important;box-shadow:0px 2px 20px rgba(153,153,153,0.2) !important}.stk-cd49a41 .stk-block-card__image{height:200px !important}.stk-cd49a41 .stk-block-card__image img{object-position:56.00000000000001% 47% !important}<\/style><div class=\"stk--no-padding stk-container stk-cd49a41-container stk-hover-parent\"><figure class=\"stk-block-card__image stk-img-wrapper stk-image--shape-stretch\"><img loading=\"lazy\" decoding=\"async\" class=\"stk-img wp-image-304\" src=\"https:\/\/creips.online\/wp-content\/uploads\/2021\/05\/class-4.jpg\" width=\"1000\" height=\"750\" srcset=\"https:\/\/creips.online\/wp-content\/uploads\/2021\/05\/class-4.jpg 1000w, https:\/\/creips.online\/wp-content\/uploads\/2021\/05\/class-4-300x225.jpg 300w, https:\/\/creips.online\/wp-content\/uploads\/2021\/05\/class-4-768x576.jpg 768w\" sizes=\"auto, (max-width: 1000px) 100vw, 1000px\" \/><\/figure><div class=\"stk-container-padding stk-block-card__content\"><div class=\"stk-block-content stk-inner-blocks stk-cd49a41-inner-blocks\">\n<div class=\"wp-block-stackable-heading stk-block-heading stk-block-heading--v2 stk-block stk-286aa38\" id=\"strong-consulta-medica-especializada-strong\" data-block-id=\"286aa38\"><style>.stk-286aa38 .stk-block-heading__text{color:#23531c !important}<\/style><h5 class=\"stk-block-heading__text has-text-color has-text-align-center\"><strong>Consulta M\u00e9dica Especializada<\/strong><\/h5><\/div>\n\n\n\n<div class=\"wp-block-stackable-subtitle stk-block-subtitle stk-block stk-ec9ff69\" data-block-id=\"ec9ff69\"><style>.stk-ec9ff69{margin-bottom:5px !important}.stk-ec9ff69 .stk-block-subtitle__text{font-size:15px !important}@media screen and (max-width:999px){.stk-ec9ff69 .stk-block-subtitle__text{font-size:15px !important}}<\/style><p class=\"stk-block-subtitle__text stk-subtitle\">Medicina F\u00edsica y Rehabilitaci\u00f3n<\/p><\/div>\n\n\n\n<div class=\"wp-block-stackable-subtitle stk-block-subtitle stk-block stk-be32af2\" data-block-id=\"be32af2\"><style>.stk-be32af2{margin-bottom:5px !important}.stk-be32af2 .stk-block-subtitle__text{font-size:15px !important}@media screen and (max-width:999px){.stk-be32af2 .stk-block-subtitle__text{font-size:15px !important}}<\/style><p class=\"stk-block-subtitle__text stk-subtitle\">Dolor y Cuidados Paliativos<\/p><\/div>\n\n\n\n<div class=\"wp-block-stackable-subtitle stk-block-subtitle stk-block stk-30b0d6e\" data-block-id=\"30b0d6e\"><style>.stk-30b0d6e{margin-bottom:5px !important}.stk-30b0d6e .stk-block-subtitle__text{font-size:15px !important}@media screen and (max-width:999px){.stk-30b0d6e .stk-block-subtitle__text{font-size:15px !important}}<\/style><p class=\"stk-block-subtitle__text stk-subtitle\">Consulta de Ortesis y Pr\u00f3tesis<\/p><\/div>\n\n\n\n<div class=\"wp-block-stackable-subtitle stk-block-subtitle stk-block stk-a1747ec\" data-block-id=\"a1747ec\"><style>.stk-a1747ec{margin-bottom:5px !important}.stk-a1747ec .stk-block-subtitle__text{font-size:15px !important}@media screen and (max-width:999px){.stk-a1747ec .stk-block-subtitle__text{font-size:15px !important}}<\/style><p class=\"stk-block-subtitle__text stk-subtitle\">Medicina Laboral<\/p><\/div>\n\n\n\n<div class=\"wp-block-stackable-subtitle stk-block-subtitle stk-block stk-2710e9f\" data-block-id=\"2710e9f\"><style>.stk-2710e9f .stk-block-subtitle__text{font-size:15px !important}@media screen and (max-width:999px){.stk-2710e9f .stk-block-subtitle__text{font-size:15px !important}}<\/style><p class=\"stk-block-subtitle__text stk-subtitle\">Otras Especialidades<\/p><\/div>\n<\/div><\/div><\/div><\/div>\n\n\n\n<div class=\"wp-block-stackable-card stk-block-card stk-block stk-722a0fe is-style-default\" data-v=\"2\" data-block-id=\"722a0fe\"><style>.stk-722a0fe{border-top-left-radius:20px !important;border-top-right-radius:20px !important;border-bottom-right-radius:20px !important;border-bottom-left-radius:20px !important;overflow:hidden !important;box-shadow:0px 2px 20px rgba(153,153,153,0.2) !important}.stk-722a0fe .stk-block-card__image{height:200px !important}.stk-722a0fe .stk-block-card__image img{object-position:65% 12% !important}<\/style><div class=\"stk--no-padding stk-container stk-722a0fe-container stk-hover-parent\"><figure class=\"stk-block-card__image stk-img-wrapper stk-image--shape-stretch\"><img loading=\"lazy\" decoding=\"async\" class=\"stk-img wp-image-457\" src=\"https:\/\/creips.online\/wp-content\/uploads\/2021\/05\/pexels-marta-wave-6453406.jpg\" width=\"1000\" height=\"750\" srcset=\"https:\/\/creips.online\/wp-content\/uploads\/2021\/05\/pexels-marta-wave-6453406.jpg 1000w, https:\/\/creips.online\/wp-content\/uploads\/2021\/05\/pexels-marta-wave-6453406-300x225.jpg 300w, https:\/\/creips.online\/wp-content\/uploads\/2021\/05\/pexels-marta-wave-6453406-768x576.jpg 768w\" sizes=\"auto, (max-width: 1000px) 100vw, 1000px\" \/><\/figure><div class=\"stk-container-padding stk-block-card__content\"><div class=\"stk-block-content stk-inner-blocks stk-722a0fe-inner-blocks\">\n<div class=\"wp-block-stackable-heading stk-block-heading stk-block-heading--v2 stk-block stk-a843d19\" id=\"strong-strong-procedimiento-e-intervencionismo-strong-strong\" data-block-id=\"a843d19\"><style>.stk-a843d19 .stk-block-heading__text{color:#23531c !important}<\/style><h5 class=\"stk-block-heading__text has-text-color has-text-align-center\"><strong><strong>Procedimiento e Intervencionismo<\/strong><\/strong><\/h5><\/div>\n\n\n\n<div class=\"wp-block-stackable-subtitle stk-block-subtitle stk-block stk-c057dd9\" data-block-id=\"c057dd9\"><style>.stk-c057dd9{margin-bottom:5px !important}.stk-c057dd9 .stk-block-subtitle__text{font-size:15px !important}@media screen and (max-width:999px){.stk-c057dd9 .stk-block-subtitle__text{font-size:15px !important}}<\/style><p class=\"stk-block-subtitle__text stk-subtitle\">Intervencionismo en dolor guiado por ecograf\u00eda<\/p><\/div>\n\n\n\n<div class=\"wp-block-stackable-subtitle stk-block-subtitle stk-block stk-fa80ae8\" data-block-id=\"fa80ae8\"><style>.stk-fa80ae8{margin-bottom:5px !important}.stk-fa80ae8 .stk-block-subtitle__text{font-size:15px !important}@media screen and (max-width:999px){.stk-fa80ae8 .stk-block-subtitle__text{font-size:15px !important}}<\/style><p class=\"stk-block-subtitle__text stk-subtitle\">Intervencionismo guiado por electromiograf\u00eda<\/p><\/div>\n\n\n\n<div class=\"wp-block-stackable-subtitle stk-block-subtitle stk-block stk-ac884bf\" data-block-id=\"ac884bf\"><style>.stk-ac884bf{margin-bottom:5px !important}.stk-ac884bf .stk-block-subtitle__text{font-size:15px !important}@media screen and (max-width:999px){.stk-ac884bf .stk-block-subtitle__text{font-size:15px !important}}<\/style><p class=\"stk-block-subtitle__text stk-subtitle\">Consulta de Ortesis y Pr\u00f3tesis<\/p><\/div>\n\n\n\n<div class=\"wp-block-stackable-subtitle stk-block-subtitle stk-block stk-f3ecbee\" data-block-id=\"f3ecbee\"><style>.stk-f3ecbee{margin-bottom:8px !important}.stk-f3ecbee .stk-block-subtitle__text{font-size:15px !important}@media screen and (max-width:999px){.stk-f3ecbee .stk-block-subtitle__text{font-size:15px !important}}<\/style><p class=\"stk-block-subtitle__text stk-subtitle\">Procedimiento de medicina proliferativa<\/p><\/div>\n<\/div><\/div><\/div><\/div>\n<\/div><\/div><\/div>\n\n\n\n<div class=\"wp-block-stackable-column stk-block-column stk-column stk-block stk-9b2fc5c\" data-v=\"4\" data-block-id=\"9b2fc5c\"><div class=\"stk-column-wrapper stk-block-column__content stk-container stk-9b2fc5c-container stk--no-background stk--no-padding\"><div class=\"stk-block-content stk-inner-blocks stk-9b2fc5c-inner-blocks\">\n<div class=\"wp-block-stackable-card stk-block-card stk-block stk-63db458 is-style-default\" data-v=\"2\" data-block-id=\"63db458\"><style>.stk-63db458{border-top-left-radius:20px !important;border-top-right-radius:20px !important;border-bottom-right-radius:20px !important;border-bottom-left-radius:20px !important;overflow:hidden !important;box-shadow:0px 2px 20px rgba(153,153,153,0.2) !important}.stk-63db458 .stk-block-card__image{height:200px !important}.stk-63db458 .stk-block-card__image img{object-position:55.00000000000001% 36% !important}<\/style><div class=\"stk--no-padding stk-container stk-63db458-container stk-hover-parent\"><figure class=\"stk-block-card__image stk-img-wrapper stk-image--shape-stretch\"><img loading=\"lazy\" decoding=\"async\" class=\"stk-img wp-image-339\" src=\"https:\/\/creips.online\/wp-content\/uploads\/2021\/05\/class-8.jpg\" width=\"1000\" height=\"750\" srcset=\"https:\/\/creips.online\/wp-content\/uploads\/2021\/05\/class-8.jpg 1000w, https:\/\/creips.online\/wp-content\/uploads\/2021\/05\/class-8-300x225.jpg 300w, https:\/\/creips.online\/wp-content\/uploads\/2021\/05\/class-8-768x576.jpg 768w\" sizes=\"auto, (max-width: 1000px) 100vw, 1000px\" \/><\/figure><div class=\"stk-container-padding stk-block-card__content\"><div class=\"stk-block-content stk-inner-blocks stk-63db458-inner-blocks\">\n<div class=\"wp-block-stackable-heading stk-block-heading stk-block-heading--v2 stk-block stk-a3eb1c6\" id=\"strong-strong-rehabilitacion-integral-strong-strong\" data-block-id=\"a3eb1c6\"><style>.stk-a3eb1c6 .stk-block-heading__text{color:#23531c !important}<\/style><h5 class=\"stk-block-heading__text has-text-color has-text-align-center\"><strong><strong>Rehabilitaci\u00f3n Integral<\/strong><\/strong><\/h5><\/div>\n\n\n\n<div class=\"wp-block-stackable-subtitle stk-block-subtitle stk-block stk-65f3ad8\" data-block-id=\"65f3ad8\"><style>.stk-65f3ad8{margin-bottom:5px !important}.stk-65f3ad8 .stk-block-subtitle__text{font-size:15px !important}@media screen and (max-width:999px){.stk-65f3ad8 .stk-block-subtitle__text{font-size:15px !important}}<\/style><p class=\"stk-block-subtitle__text stk-subtitle\">Fisioterapia<\/p><\/div>\n\n\n\n<div class=\"wp-block-stackable-subtitle stk-block-subtitle stk-block stk-8b247fc\" data-block-id=\"8b247fc\"><style>.stk-8b247fc{margin-bottom:5px !important}.stk-8b247fc .stk-block-subtitle__text{font-size:15px !important}@media screen and (max-width:999px){.stk-8b247fc .stk-block-subtitle__text{font-size:15px !important}}<\/style><p class=\"stk-block-subtitle__text stk-subtitle\">Terapia ocupacional<\/p><\/div>\n\n\n\n<div class=\"wp-block-stackable-subtitle stk-block-subtitle stk-block stk-71cceab\" data-block-id=\"71cceab\"><style>.stk-71cceab{margin-bottom:5px !important}.stk-71cceab .stk-block-subtitle__text{font-size:15px !important}@media screen and (max-width:999px){.stk-71cceab .stk-block-subtitle__text{font-size:15px !important}}<\/style><p class=\"stk-block-subtitle__text stk-subtitle\">Fonoaudiolog\u00eda<\/p><\/div>\n\n\n\n<div class=\"wp-block-stackable-subtitle stk-block-subtitle stk-block stk-31c8380\" data-block-id=\"31c8380\"><style>.stk-31c8380{margin-bottom:5px !important}.stk-31c8380 .stk-block-subtitle__text{font-size:15px !important}@media screen and (max-width:999px){.stk-31c8380 .stk-block-subtitle__text{font-size:15px !important}}<\/style><p class=\"stk-block-subtitle__text stk-subtitle\">Trabajo social<\/p><\/div>\n\n\n\n<div class=\"wp-block-stackable-subtitle stk-block-subtitle stk-block stk-ed12e33\" data-block-id=\"ed12e33\"><style>.stk-ed12e33{margin-bottom:5px !important}.stk-ed12e33 .stk-block-subtitle__text{font-size:15px !important}@media screen and (max-width:999px){.stk-ed12e33 .stk-block-subtitle__text{font-size:15px !important}}<\/style><p class=\"stk-block-subtitle__text stk-subtitle\">Psicolog\u00eda<\/p><\/div>\n\n\n\n<div class=\"wp-block-stackable-subtitle stk-block-subtitle stk-block stk-8ce98a2\" data-block-id=\"8ce98a2\"><style>.stk-8ce98a2{margin-bottom:5px !important}.stk-8ce98a2 .stk-block-subtitle__text{font-size:15px !important}@media screen and (max-width:999px){.stk-8ce98a2 .stk-block-subtitle__text{font-size:15px !important}}<\/style><p class=\"stk-block-subtitle__text stk-subtitle\">Neuropsicolog\u00eda<\/p><\/div>\n\n\n\n<div class=\"wp-block-stackable-subtitle stk-block-subtitle stk-block stk-cb5dfa0\" data-block-id=\"cb5dfa0\"><style>.stk-cb5dfa0 .stk-block-subtitle__text{font-size:15px !important}@media screen and (max-width:999px){.stk-cb5dfa0 .stk-block-subtitle__text{font-size:15px !important}}<\/style><p class=\"stk-block-subtitle__text stk-subtitle\">Nutrici\u00f3n<\/p><\/div>\n<\/div><\/div><\/div><\/div>\n<\/div><\/div><\/div>\n\n\n\n<div class=\"wp-block-stackable-column stk-block-column stk-column stk-block stk-2d5e034\" data-v=\"4\" data-block-id=\"2d5e034\"><div class=\"stk-column-wrapper stk-block-column__content stk-container stk-2d5e034-container stk--no-background stk--no-padding\"><div class=\"stk-block-content stk-inner-blocks stk-2d5e034-inner-blocks\">\n<div class=\"wp-block-stackable-card stk-block-card stk-block stk-a9bece7 is-style-default\" data-v=\"2\" data-block-id=\"a9bece7\"><style>.stk-a9bece7{border-top-left-radius:20px !important;border-top-right-radius:20px !important;border-bottom-right-radius:20px !important;border-bottom-left-radius:20px !important;overflow:hidden !important;box-shadow:0px 2px 20px rgba(153,153,153,0.2) !important}.stk-a9bece7 .stk-block-card__image{height:200px !important}.stk-a9bece7 .stk-block-card__image img{object-position:54% 59% !important}<\/style><div class=\"stk--no-padding stk-container stk-a9bece7-container stk-hover-parent\"><figure class=\"stk-block-card__image stk-img-wrapper stk-image--shape-stretch\"><img loading=\"lazy\" decoding=\"async\" class=\"stk-img wp-image-455\" src=\"https:\/\/creips.online\/wp-content\/uploads\/2021\/05\/pexels-elly-fairytale-3822906.jpg\" width=\"1000\" height=\"750\" srcset=\"https:\/\/creips.online\/wp-content\/uploads\/2021\/05\/pexels-elly-fairytale-3822906.jpg 1000w, https:\/\/creips.online\/wp-content\/uploads\/2021\/05\/pexels-elly-fairytale-3822906-300x225.jpg 300w, https:\/\/creips.online\/wp-content\/uploads\/2021\/05\/pexels-elly-fairytale-3822906-768x576.jpg 768w\" sizes=\"auto, (max-width: 1000px) 100vw, 1000px\" \/><\/figure><div class=\"stk-container-padding stk-block-card__content\"><div class=\"stk-block-content stk-inner-blocks stk-a9bece7-inner-blocks\">\n<div class=\"wp-block-stackable-heading stk-block-heading stk-block-heading--v2 stk-block stk-b379ff5\" id=\"strong-strong-ayudas-diagnosticas-strong-strong\" data-block-id=\"b379ff5\"><style>.stk-b379ff5 .stk-block-heading__text{color:#23531c !important}<\/style><h5 class=\"stk-block-heading__text has-text-color has-text-align-center\"><strong><strong>Ayudas Diagn\u00f3sticas<\/strong><\/strong><\/h5><\/div>\n\n\n\n<div class=\"wp-block-stackable-subtitle stk-block-subtitle stk-block stk-b6cc089\" data-block-id=\"b6cc089\"><style>.stk-b6cc089{margin-bottom:5px !important}.stk-b6cc089 .stk-block-subtitle__text{font-size:15px !important}@media screen and (max-width:999px){.stk-b6cc089 .stk-block-subtitle__text{font-size:15px !important}}<\/style><p class=\"stk-block-subtitle__text stk-subtitle\">Estudios de electromiograf\u00eda y neuro conducci\u00f3n<\/p><\/div>\n\n\n\n<div class=\"wp-block-stackable-subtitle stk-block-subtitle stk-block stk-06cf160\" data-block-id=\"06cf160\"><style>.stk-06cf160{margin-bottom:5px !important}.stk-06cf160 .stk-block-subtitle__text{font-size:15px !important}@media screen and (max-width:999px){.stk-06cf160 .stk-block-subtitle__text{font-size:15px !important}}<\/style><p class=\"stk-block-subtitle__text stk-subtitle\">Potenciales evocados auditivos y visuales<\/p><\/div>\n\n\n\n<div class=\"wp-block-stackable-subtitle stk-block-subtitle stk-block stk-c21ef64\" data-block-id=\"c21ef64\"><style>.stk-c21ef64{margin-bottom:5px !important}.stk-c21ef64 .stk-block-subtitle__text{font-size:15px !important}@media screen and (max-width:999px){.stk-c21ef64 .stk-block-subtitle__text{font-size:15px !important}}<\/style><p class=\"stk-block-subtitle__text stk-subtitle\">Potenciales somatosensoriales<\/p><\/div>\n\n\n\n<div class=\"wp-block-stackable-subtitle stk-block-subtitle stk-block stk-0f579d3\" data-block-id=\"0f579d3\"><style>.stk-0f579d3{margin-bottom:5px !important}.stk-0f579d3 .stk-block-subtitle__text{font-size:15px !important}@media screen and (max-width:999px){.stk-0f579d3 .stk-block-subtitle__text{font-size:15px !important}}<\/style><p class=\"stk-block-subtitle__text stk-subtitle\">Potenciales evocados motores<\/p><\/div>\n\n\n\n<div class=\"wp-block-stackable-subtitle stk-block-subtitle stk-block stk-f9b5b96\" data-block-id=\"f9b5b96\"><style>.stk-f9b5b96 .stk-block-subtitle__text{font-size:15px !important}@media screen and (max-width:999px){.stk-f9b5b96 .stk-block-subtitle__text{font-size:15px !important}}<\/style><p class=\"stk-block-subtitle__text stk-subtitle\">An\u00e1lisis cuantitativo sensitivo<\/p><\/div>\n<\/div><\/div><\/div><\/div>\n<\/div><\/div><\/div>\n<\/div><\/div>\n","protected":false},"excerpt":{"rendered":"<p>Consulta M\u00e9dica Especializada Medicina F\u00edsica y Rehabilitaci\u00f3n Dolor y Cuidados Paliativos Consulta de Ortesis y Pr\u00f3tesis Medicina Laboral Otras Especialidades Procedimiento e Intervencionismo Intervencionismo en dolor guiado por ecograf\u00eda Intervencionismo guiado por electromiograf\u00eda Consulta de Ortesis y Pr\u00f3tesis Procedimiento de medicina proliferativa Rehabilitaci\u00f3n Integral Fisioterapia Terapia ocupacional Fonoaudiolog\u00eda Trabajo social Psicolog\u00eda Neuropsicolog\u00eda Nutrici\u00f3n Ayudas Diagn\u00f3sticas [&hellip;]<\/p>\n","protected":false},"author":1,"featured_media":0,"parent":0,"menu_order":0,"comment_status":"closed","ping_status":"closed","template":"","meta":{"footnotes":""},"class_list":["post-1314","page","type-page","status-publish","hentry"],"blocksy_meta":[],"_links":{"self":[{"href":"https:\/\/creips.online\/index.php?rest_route=\/wp\/v2\/pages\/1314","targetHints":{"allow":["GET"]}}],"collection":[{"href":"https:\/\/creips.online\/index.php?rest_route=\/wp\/v2\/pages"}],"about":[{"href":"https:\/\/creips.online\/index.php?rest_route=\/wp\/v2\/types\/page"}],"author":[{"embeddable":true,"href":"https:\/\/creips.online\/index.php?rest_route=\/wp\/v2\/users\/1"}],"replies":[{"embeddable":true,"href":"https:\/\/creips.online\/index.php?rest_route=%2Fwp%2Fv2%2Fcomments&post=1314"}],"version-history":[{"count":31,"href":"https:\/\/creips.online\/index.php?rest_route=\/wp\/v2\/pages\/1314\/revisions"}],"predecessor-version":[{"id":1371,"href":"https:\/\/creips.online\/index.php?rest_route=\/wp\/v2\/pages\/1314\/revisions\/1371"}],"wp:attachment":[{"href":"https:\/\/creips.online\/index.php?rest_route=%2Fwp%2Fv2%2Fmedia&parent=1314"}],"curies":[{"name":"wp","href":"https:\/\/api.w.org\/{rel}","templated":true}]}}